{"id":156,"date":"2012-11-21T16:13:07","date_gmt":"2012-11-21T15:13:07","guid":{"rendered":"http:\/\/lazyjack.fr\/?page_id=156"},"modified":"2022-05-15T08:50:46","modified_gmt":"2022-05-15T07:50:46","slug":"trace","status":"publish","type":"page","link":"http:\/\/lazyjack.fr\/?page_id=156","title":{"rendered":"Trace"},"content":{"rendered":"\n<p><!-- \n\n\n<p><script type=\"text\/javascript\" src=\"https:\/\/maps.googleapis.com\/maps\/api\/js?key=AIzaSyDx1_awhMK_SZWWlqEVaWioas8UlScvNFA&amp;sensor=false\"><\/script><\/p>\n\n\n --><\/p>\n\n<style type=\"text\/css\">\n      \/* Set the size of the div element that contains the map *\/\n      #map, #map2, #map3 {\n        height: 300px;\n        \/* The height is 400 pixels *\/\n        width: 60%;\n        \/* The width is the width of the web page *\/\n      }<br \/>\n<\/style>\n\n<p><script>\n      \/\/ Initialize and add the maps\n      function initMap() {\n\n\/\/\/\/\/\/\/\/\/\/\/\/\/\/\/\/\/\/\/\/\/\/\/\/\n\/\/ TRACE BAHAMAS ANTIBES\n\/\/\/\/\/\/\/\/\/\/\/\/\/\/\/\/\/\/\/\/\/\/\/\n        \/\/ The location of Antibes\n        const antibes = { lat: 43.584866, lng: 7.1231 };\n        \/\/ The map, centered at Antibes\n        const cmap = new google.maps.Map(document.getElementById(\"map\"), {\n          zoom: 4,\n          center: antibes,\n        });\n       \/\/  The marker positioned at antibes\n        const marker = new google.maps.Marker({\n          position: antibes,\n          map: cmap,\n        });\n       \n       \/\/ Insertion de la trace kml dans la map antibes\n        var traceLayer = new google.maps.KmlLayer({\n       \/\/ url de trace.kml\n         url:'https:\/\/drive.google.com\/uc?export=download&id=1_YIwLBJTYDyICynzEi5VQ2n3N4U9Pe9r&resourceKeys=%7B%7D%7D',\n        map: cmap,\n        });\n\n\/\/\/\/\/\/\/\/\/\/\/\/\/\/\/\/\n\/\/ TRACE ANTILLES BAHAMAS\n\/\/\/\/\/\/\/\/\/\/\/\/\/\/\/\/\n          const cmap2 = new google.maps.Map(document.getElementById(\"map2\"), {\n          zoom: 4,\n          center: antibes,\n        });\t\n\t   \/\/ Insertion de la trace kml AntillesBahamas dans la carte cmap2\n        var traceLayer2 = new google.maps.KmlLayer({\n       \/\/ url de TraceAntillesBahamas\n        url:'https:\/\/drive.google.com\/uc?export=download&id=13rQWd3vzGo4knwTEPTFrApbh_ariy0uZ&resourceKeys=%7B%7D%7D',\n        map: cmap2, \n        }); \n\n\n\/\/\/\/\/\/\/\/\/\/\/\/\/\/\/\/\/\n\/\/ TRACE DU RIDS\n\/\/\/\/\/\/\/\/\/\/\/\/\/\/\/\/\/ \n        const cmap3 = new google.maps.Map(document.getElementById(\"map3\"), {\n        zoom: 4,\n        center: antibes,\n        });\t\n\t\/\/ Insertion de la trace gpx du RIDS dans la carte cmap3\n        var traceLayer2 = new google.maps.KmlLayer({\n       \/\/ url de TraceRIDS.gpx\n        url:'http:\/\/lazyjack.fr\/TraceRIDS.gpx',\n        map: cmap3, \n        });   \n  }\n  <\/script><\/p>\n\n\n\n<div align=\"center\">\n<div align=\"left\">\n<p><em><strong>Le Retour<\/strong><\/em><\/p>\n<p>En Mai 2015 Lazy Jack est retourn\u00e9 en Europe et apr\u00e8s un tour de la mer Baltique a remis le Cap vers le Sud attir\u00e9 par le soleil&#8230;<\/p>\n\n<!-- <div align=\"center\"><iframe loading=\"lazy\" src=\"https:\/\/www.google.com\/maps\/d\/embed?mid=11o2Phoezq1YPkLvj9qvAqq_OWnrGcSPA\" width=\"400\" height=\"300\"><\/iframe><\/div> -->\n\n<\/div>\n\n<div id=\"map\">&nbsp;<\/div>\n<\/div>\n\n\n<p>&nbsp;<\/p>\n<div align=\"center\">\n<div align=\"left\">\n<p><em><strong>Les Antilles<\/strong><\/em><\/p>\n<p>Depuis le 4 D\u00e9cembre 2014 Lazy Jack a retrouv\u00e9 les flots et s&rsquo;\u00e9lance \u00e0 la d\u00e9couverte des Antilles men\u00e9 par son nouvel \u00e9quipage: les vinnies!<\/p>\n<p>Pour suivre leurs aventures: <a href=\"http:\/\/www.mobteam.fr.s3.amazonaws.com\/index.html\">Les vinnies aux Antilles<\/a><\/p>\n<\/div>\n<div id=\"map2\">&nbsp;<\/div>\n<\/div>\n\n<p>&nbsp;<\/p>\n<div align=\"center\">\n<div align=\"left\">\n<p><em><strong>Avril 2013 \u00e0 Avril 2014<\/strong><\/em><\/p>\n<p>Lazy jack a quitt\u00e9 Cherbourg, son port d&rsquo;attache, le 28 Avril 2013.<br>Apr\u00e8s un s\u00e9jour ensoleill\u00e9 (si ! si !) sur les c\u00f4tes anglaises en Mai 2013, il s&rsquo;est \u00e9lanc\u00e9 vers le grand Sud \u00e0 partir de Lorient fin Juillet 2013, pour aller prendre le d\u00e9part du Rallye des Iles Du Soleil \u00e0 Mad\u00e8re en Septembre 2013.<br>Le vent nous a pouss\u00e9 jusqu&rsquo;au Br\u00e9sil et l&rsquo;aventure a continu\u00e9 le long des c\u00f4tes br\u00e9siliennes jusqu&rsquo;\u00e0 Trinidad fin Mars 2014 o\u00f9 Lazy Jack est remont\u00e9 sur la terre ferme pour hiverner.<\/p>\n<\/div>\n<!-- <p>[map style=\"width: 400px; height:300px; margin:20px 20px 20px 20px; border: 1px solid black;\" gpx=\"http:\/\/lazyjack.fr\/TraceRIDS.gpx\"]<\/p> -->\n\n<div id=\"map3\"><\/div>\n<\/div>\n\n<!-- Async script executes immediately and must be after any DOM elements used in callback. --><script src=\"https:\/\/maps.googleapis.com\/maps\/api\/js?key=AIzaSyDwhQg7lqQGigITeslprMxXG6mJL9DBCdg&amp;callback=initMap&amp;libraries&amp;v=weekly\" async=\"\"><\/script>\n\n<p>&nbsp;<\/p>\n<div align=\"center\">\n<div align=\"left\">\n<p><em><strong>Et\u00e9 2012<\/strong><\/em><\/p>\n<p>Durant l&rsquo;\u00e9t\u00e9 2012, nous nous sommes initi\u00e9s aux courants et aux mar\u00e9es en Manche et en Bretagne Nord&#8230;Cliquez sur le carr\u00e9 en haut \u00e0 droite pour visualiser en plein \u00e9cran puis sur chacun des petits bateaux pour voir les photos !&#8230;<\/p>\n<p>[map style=\u00a0\u00bbwidth: 400px; height:300px; margin:20px 20px 20px 20px; border: 1px solid black;\u00a0\u00bb kml=\u00a0\u00bbhttp:\/\/lazyjack.fr\/wp-content\/uploads\/TraceEte2012.kml\u00a0\u00bb]<\/p>\n<\/div>\n<\/div>\n\n\n\n<p><\/p>\n","protected":false},"excerpt":{"rendered":"<p>Le Retour En Mai 2015 Lazy Jack est retourn\u00e9 en Europe et apr\u00e8s un tour de la mer Baltique a remis le Cap vers le Sud attir\u00e9 par le soleil&#8230; &nbsp; &nbsp; Les Antilles Depuis le 4 D\u00e9cembre 2014 Lazy &hellip; <a href=\"http:\/\/lazyjack.fr\/?page_id=156\">Continuer la lecture <span class=\"meta-nav\">&rarr;<\/span><\/a><\/p>\n","protected":false},"author":1,"featured_media":0,"parent":0,"menu_order":0,"comment_status":"open","ping_status":"open","template":"","meta":{"jetpack_post_was_ever_published":false,"footnotes":""},"class_list":["post-156","page","type-page","status-publish","hentry"],"jetpack_sharing_enabled":true,"jetpack_shortlink":"https:\/\/wp.me\/P2Wp1j-2w","_links":{"self":[{"href":"http:\/\/lazyjack.fr\/index.php?rest_route=\/wp\/v2\/pages\/156","targetHints":{"allow":["GET"]}}],"collection":[{"href":"http:\/\/lazyjack.fr\/index.php?rest_route=\/wp\/v2\/pages"}],"about":[{"href":"http:\/\/lazyjack.fr\/index.php?rest_route=\/wp\/v2\/types\/page"}],"author":[{"embeddable":true,"href":"http:\/\/lazyjack.fr\/index.php?rest_route=\/wp\/v2\/users\/1"}],"replies":[{"embeddable":true,"href":"http:\/\/lazyjack.fr\/index.php?rest_route=%2Fwp%2Fv2%2Fcomments&post=156"}],"version-history":[{"count":132,"href":"http:\/\/lazyjack.fr\/index.php?rest_route=\/wp\/v2\/pages\/156\/revisions"}],"predecessor-version":[{"id":2599,"href":"http:\/\/lazyjack.fr\/index.php?rest_route=\/wp\/v2\/pages\/156\/revisions\/2599"}],"wp:attachment":[{"href":"http:\/\/lazyjack.fr\/index.php?rest_route=%2Fwp%2Fv2%2Fmedia&parent=156"}],"curies":[{"name":"wp","href":"https:\/\/api.w.org\/{rel}","templated":true}]}}